{"id":24,"date":"2024-03-14T18:09:10","date_gmt":"2024-03-14T22:09:10","guid":{"rendered":"https:\/\/newleafinvestigationplus.ca\/?page_id=24"},"modified":"2024-03-15T09:50:44","modified_gmt":"2024-03-15T13:50:44","slug":"legal","status":"publish","type":"page","link":"https:\/\/newleafinvestigationplus.ca\/fr\/legal\/","title":{"rendered":"L\u00e9gal"},"content":{"rendered":"\n<div class=\"wp-block-group alignfull hero-default has-light-stone-background-color has-background is-layout-constrained wp-block-group-is-layout-constrained\" style=\"padding-top:var(--wp--preset--spacing--70);padding-bottom:var(--wp--preset--spacing--50)\">\n<div class=\"wp-block-columns alignwide is-layout-flex wp-container-core-columns-is-layout-f5a44f5b wp-block-columns-is-layout-flex\">\n<div class=\"wp-block-column is-vertically-aligned-bottom is-layout-flow wp-block-column-is-layout-flow\">\n<div style=\"height:100px\" aria-hidden=\"true\" class=\"wp-block-spacer block-visibility-hide-small-screen\"><\/div>\n\n\n<h1 class=\"has-text-align-left wp-block-post-title has-text-color has-ocean-color\">L\u00e9gal<\/h1><\/div>\n\n\n\n<div class=\"wp-block-column is-vertically-aligned-bottom is-layout-flow wp-block-column-is-layout-flow\">\n<figure class=\"wp-block-image size-large is-hero-offset-image is-style-square\"><img decoding=\"async\" src=\"https:\/\/newleafperformance.ca\/wp-content\/uploads\/2022\/12\/legal-hero-1024x680.jpg\" alt=\"\" class=\"wp-image-12\"\/><\/figure>\n<\/div>\n<\/div>\n<\/div>\n\n\n\n<div class=\"wp-block-columns alignwide is-layout-flex wp-container-core-columns-is-layout-59ea4c30 wp-block-columns-is-layout-flex\" style=\"margin-top:var(--wp--preset--spacing--50);margin-bottom:var(--wp--preset--spacing--70)\">\n<div class=\"wp-block-column is-layout-flow wp-block-column-is-layout-flow\">\n<div style=\"height:60px\" aria-hidden=\"true\" class=\"wp-block-spacer block-visibility-hide-large-screen block-visibility-hide-medium-screen\"><\/div>\n\n\n\n<p class=\"has-medium-font-size\">Veuillez lire cette clause de non-responsabilit\u00e9 dans son int\u00e9gralit\u00e9 avant d&rsquo;utiliser notre site Web. Aux fins de cette clause de non-responsabilit\u00e9, <strong>NewLeaf Performance<\/strong> sera appel\u00e9e \u00ab La SOCI\u00c9T\u00c9 \u00bb.<\/p>\n<\/div>\n\n\n\n<div class=\"wp-block-column is-layout-flow wp-block-column-is-layout-flow\"><\/div>\n<\/div>\n\n\n\n<h2 class=\"wp-block-heading has-ocean-color has-text-color has-link-color wp-elements-ba24c7e03da11b5a1c17e796bc05f55e\">Exclusion g\u00e9n\u00e9rale de responsabilit\u00e9<\/h2>\n\n\n\n<p>LE SERVICE ET LE CONTENU DE OU VIA CE SITE SONT FOURNIS \u00ab TELS QUELS \u00bb, \u00ab TELS QUE DISPONIBLES \u00bb, ET TOUTES LES GARANTIES, EXPRESSES OU IMPLICITES, SONT EXCLUES (Y COMPRIS, MAIS SANS S\u2019Y LIMITER, LA RENONCIATION \u00c0 TOUTE GARANTIE IMPLICITE DE QUALIT\u00c9 MARCHANDE ET D\u2019AD\u00c9QUATION \u00c0 UN USAGE PARTICULIER). LES INFORMATIONS CONTENUES DANS LE PR\u00c9SENT DOCUMENT PEUVENT CONTENIR DES MOUCHARDS (BUGS), DES ERREURS, DES PROBL\u00c8MES OU D\u2019AUTRES LIMITATIONS. LE PROPRI\u00c9TAIRE DE CE SITE N\u2019ASSUME AUCUNE RESPONSABILIT\u00c9 POUR TOUTE ERREUR OU OMISSION DANS LE CONTENU DE CE SITE.<\/p>\n\n\n\n<p>L\u2019utilisateur accepte d\u2019indemniser, de d\u00e9fendre et de d\u00e9gager le propri\u00e9taire ainsi que ses soci\u00e9t\u00e9s affili\u00e9es, conc\u00e9dants de licence, fournisseurs de contenu et de services, \u00e9diteurs participants, auteurs, revendeurs et fournisseurs de toute responsabilit\u00e9, perte, r\u00e9clamation et d\u00e9pense, y compris les honoraires et les d\u00e9penses d\u2019avocats, li\u00e9s \u00e0 la violation par un utilisateur du pr\u00e9sent accord ou \u00e0 l\u2019utilisation du site Web. Toute responsabilit\u00e9 pour tout dommage caus\u00e9 par des virus contenus dans les fichiers \u00e9lectroniques ou sur le site est d\u00e9clin\u00e9e.<\/p>\n\n\n\n<h2 class=\"wp-block-heading has-ocean-color has-text-color has-link-color has-h-3-font-size wp-elements-58e8c56d1d90c341c3dbded4a4210f8d\">Hyperliens<\/h2>\n\n\n\n<p>Ce site contient des liens vers d\u2019autres sites Internet. Ces liens ne sont pas des approbations de produits ou de services contenus dans ces sites, et aucune information dans ces sites n\u2019a \u00e9t\u00e9 endoss\u00e9e ou approuv\u00e9e par la SOCI\u00c9T\u00c9.<\/p>\n\n\n\n<h2 class=\"wp-block-heading has-ocean-color has-text-color has-link-color has-h-3-font-size wp-elements-aa5b44565ae42ca181d3ec50ebd91c7f\">Soumissions<\/h2>\n\n\n\n<p>Toutes les remarques, suggestions, id\u00e9es, graphiques ou autres informations communiqu\u00e9es \u00e0 la SOCI\u00c9T\u00c9 via ce site (collectivement, la \u00ab Soumission \u00bb) seront \u00e0 jamais la propri\u00e9t\u00e9 de la SOCI\u00c9T\u00c9. La SOCI\u00c9T\u00c9 ne sera pas tenue de traiter toute soumission comme confidentielle, et ne sera pas responsable des id\u00e9es pour son entreprise (y compris, sans limitation, les id\u00e9es de produits ou de publicit\u00e9) et n\u2019encourra aucune responsabilit\u00e9 en raison de toute similitude qui pourrait appara\u00eetre dans les produits futurs ou les op\u00e9rations de la SOCI\u00c9T\u00c9. Sans limitation, la SOCI\u00c9T\u00c9 aura la propri\u00e9t\u00e9 exclusive de tous les droits existants pr\u00e9sents et futurs \u00e0 la soumission de toutes sortes et de toutes natures, et ce partout. La SOCI\u00c9T\u00c9 aura le droit d\u2019utiliser la soumission \u00e0 des fins commerciales ou autres, sans compensation pour vous ou toute autre personne envoyant la soumission. Vous reconnaissez que vous \u00eates responsable de tout mat\u00e9riel que vous soumettez, et vous, et non la SOCI\u00c9T\u00c9, avez l\u2019enti\u00e8re responsabilit\u00e9 du contenu, y compris sa l\u00e9galit\u00e9, sa fiabilit\u00e9, sa pertinence, son originalit\u00e9 et ses droits d\u2019auteur.<\/p>\n\n\n\n<h2 class=\"wp-block-heading has-ocean-color has-text-color has-link-color wp-elements-8dcaf6c573027376396061265f868cb1\">Politique de confidentialit\u00e9<\/h2>\n\n\n\n<p>Nous respectons la vie priv\u00e9e de tous ceux qui visitent ce site Web. En cons\u00e9quence, nous aimerions vous informer de la fa\u00e7on dont nous utiliserions vos donn\u00e9es personnelles. Nous vous recommandons de lire cette politique de confidentialit\u00e9 afin que vous compreniez notre approche de l\u2019utilisation de vos donn\u00e9es personnelles.<\/p>\n\n\n\n<p>En nous soumettant vos donn\u00e9es personnelles, vous serez trait\u00e9 comme ayant donn\u00e9 votre autorisation &#8211; si n\u00e9cessaire et appropri\u00e9 &#8211; pour les divulgations mentionn\u00e9es dans la pr\u00e9sente politique. En aucun cas, la SOCI\u00c9T\u00c9 ne vendra, ne distribuera ou ne divulguera autrement des informations personnelles ou des listes de contacts \u00e0 des tiers. Cependant, une divulgation limit\u00e9e peut \u00eatre requise dans le cadre de l\u2019ex\u00e9cution par la SOCI\u00c9T\u00c9 de ses obligations commerciales d\u00e9clar\u00e9es et de ses op\u00e9rations quotidiennes. Cela peut inclure des consultants, des fournisseurs ou des partenaires commerciaux de la SOCI\u00c9T\u00c9, mais seulement avec la compr\u00e9hension que ces parties ob\u00e9issent et respectent cette politique de confidentialit\u00e9, dans la mesure n\u00e9cessaire pour remplir leurs propres t\u00e2ches commerciales et op\u00e9rations quotidiennes.<\/p>\n\n\n\n<p>Soyez assur\u00e9 que nous n\u2019utiliserons pas vos informations \u00e0 quelque fin que ce soit si vous avez indiqu\u00e9 que vous ne souhaitez pas que nous utilisions vos informations de cette mani\u00e8re lors de la soumission des informations, ou \u00e0 un stade ult\u00e9rieur.<\/p>\n\n\n\n<h2 class=\"wp-block-heading has-ocean-color has-text-color has-link-color has-h-3-font-size wp-elements-c0738c3f0e45f81824b3741c12373e92\">Collecte de renseignements non-personnels<\/h2>\n\n\n\n<p>Nous pouvons collecter automatiquement des informations non personnelles vous concernant, telles que le type de navigateurs Internet que vous utilisez ou le site Web \u00e0 partir duquel vous avez cr\u00e9\u00e9 un lien vers notre site Web. Nous pouvons \u00e9galement agr\u00e9ger les d\u00e9tails que vous avez soumis sur le site (par exemple, votre \u00e2ge et la ville o\u00f9 vous vivez). Vous ne pouvez pas \u00eatre identifi\u00e9 \u00e0 partir de ces informations et elles ne sont utilis\u00e9es que pour nous aider \u00e0 fournir un service efficace sur ce site Web. Nous pouvons, de temps \u00e0 autre, fournir \u00e0 des tiers ces donn\u00e9es non personnelles ou agr\u00e9g\u00e9es pour des utilisations en relation avec ce site Web.<\/p>\n\n\n\n<p style=\"padding-bottom:var(--wp--preset--spacing--80)\">Nous avons mis en \u0153uvre une technologie et des politiques dans le but de prot\u00e9ger votre vie priv\u00e9e contre l\u2019acc\u00e8s non autoris\u00e9 et l\u2019utilisation inappropri\u00e9e et nous mettrons \u00e0 jour ces politiques \u00e0 mesure que de nouvelles technologies deviennent disponibles, le cas \u00e9ch\u00e9ant.<\/p>\n","protected":false},"excerpt":{"rendered":"<p>Veuillez lire cette clause de non-responsabilit\u00e9 dans son int\u00e9gralit\u00e9 avant d&rsquo;utiliser notre site Web. Aux fins de cette clause de non-responsabilit\u00e9, NewLeaf Performance sera appel\u00e9e \u00ab La SOCI\u00c9T\u00c9 \u00bb. Exclusion [&hellip;]<\/p>\n","protected":false},"author":1,"featured_media":0,"parent":0,"menu_order":0,"comment_status":"closed","ping_status":"closed","template":"page-investigate","meta":{"footnotes":""},"class_list":["post-24","page","type-page","status-publish","hentry"],"yoast_head":"<!-- This site is optimized with the Yoast SEO plugin v27.3 - https:\/\/yoast.com\/product\/yoast-seo-wordpress\/ -->\n<title>L\u00e9gal - NewLeaf Investigation+<\/title>\n<meta name=\"robots\" content=\"index, follow, max-snippet:-1, max-image-preview:large, max-video-preview:-1\" \/>\n<link rel=\"canonical\" href=\"https:\/\/newleafinvestigationplus.ca\/fr\/legal\/\" \/>\n<meta property=\"og:locale\" content=\"fr_FR\" \/>\n<meta property=\"og:type\" content=\"article\" \/>\n<meta property=\"og:title\" content=\"L\u00e9gal - NewLeaf Investigation+\" \/>\n<meta property=\"og:description\" content=\"Veuillez lire cette clause de non-responsabilit\u00e9 dans son int\u00e9gralit\u00e9 avant d&rsquo;utiliser notre site Web. Aux fins de cette clause de non-responsabilit\u00e9, NewLeaf Performance sera appel\u00e9e \u00ab La SOCI\u00c9T\u00c9 \u00bb. Exclusion [&hellip;]\" \/>\n<meta property=\"og:url\" content=\"https:\/\/newleafinvestigationplus.ca\/fr\/legal\/\" \/>\n<meta property=\"og:site_name\" content=\"NewLeaf Investigation+\" \/>\n<meta property=\"article:modified_time\" content=\"2024-03-15T13:50:44+00:00\" \/>\n<meta property=\"og:image\" content=\"https:\/\/newleafperformance.ca\/wp-content\/uploads\/2022\/12\/legal-hero-1024x680.jpg\" \/>\n<meta name=\"twitter:card\" content=\"summary_large_image\" \/>\n<meta name=\"twitter:label1\" content=\"Dur\u00e9e de lecture estim\u00e9e\" \/>\n\t<meta name=\"twitter:data1\" content=\"4 minutes\" \/>\n<script type=\"application\/ld+json\" class=\"yoast-schema-graph\">{\"@context\":\"https:\\\/\\\/schema.org\",\"@graph\":[{\"@type\":\"WebPage\",\"@id\":\"https:\\\/\\\/newleafinvestigationplus.ca\\\/fr\\\/legal\\\/\",\"url\":\"https:\\\/\\\/newleafinvestigationplus.ca\\\/fr\\\/legal\\\/\",\"name\":\"L\u00e9gal - NewLeaf Investigation+\",\"isPartOf\":{\"@id\":\"https:\\\/\\\/newleafinvestigationplus.ca\\\/fr\\\/#website\"},\"primaryImageOfPage\":{\"@id\":\"https:\\\/\\\/newleafinvestigationplus.ca\\\/fr\\\/legal\\\/#primaryimage\"},\"image\":{\"@id\":\"https:\\\/\\\/newleafinvestigationplus.ca\\\/fr\\\/legal\\\/#primaryimage\"},\"thumbnailUrl\":\"https:\\\/\\\/newleafperformance.ca\\\/wp-content\\\/uploads\\\/2022\\\/12\\\/legal-hero-1024x680.jpg\",\"datePublished\":\"2024-03-14T22:09:10+00:00\",\"dateModified\":\"2024-03-15T13:50:44+00:00\",\"breadcrumb\":{\"@id\":\"https:\\\/\\\/newleafinvestigationplus.ca\\\/fr\\\/legal\\\/#breadcrumb\"},\"inLanguage\":\"fr-FR\",\"potentialAction\":[{\"@type\":\"ReadAction\",\"target\":[\"https:\\\/\\\/newleafinvestigationplus.ca\\\/fr\\\/legal\\\/\"]}]},{\"@type\":\"ImageObject\",\"inLanguage\":\"fr-FR\",\"@id\":\"https:\\\/\\\/newleafinvestigationplus.ca\\\/fr\\\/legal\\\/#primaryimage\",\"url\":\"https:\\\/\\\/newleafperformance.ca\\\/wp-content\\\/uploads\\\/2022\\\/12\\\/legal-hero-1024x680.jpg\",\"contentUrl\":\"https:\\\/\\\/newleafperformance.ca\\\/wp-content\\\/uploads\\\/2022\\\/12\\\/legal-hero-1024x680.jpg\"},{\"@type\":\"BreadcrumbList\",\"@id\":\"https:\\\/\\\/newleafinvestigationplus.ca\\\/fr\\\/legal\\\/#breadcrumb\",\"itemListElement\":[{\"@type\":\"ListItem\",\"position\":1,\"name\":\"Home\",\"item\":\"https:\\\/\\\/newleafinvestigationplus.ca\\\/fr\\\/\"},{\"@type\":\"ListItem\",\"position\":2,\"name\":\"L\u00e9gal\"}]},{\"@type\":\"WebSite\",\"@id\":\"https:\\\/\\\/newleafinvestigationplus.ca\\\/fr\\\/#website\",\"url\":\"https:\\\/\\\/newleafinvestigationplus.ca\\\/fr\\\/\",\"name\":\"NewLeaf Investigation+\",\"description\":\"\",\"publisher\":{\"@id\":\"https:\\\/\\\/newleafinvestigationplus.ca\\\/fr\\\/#organization\"},\"potentialAction\":[{\"@type\":\"SearchAction\",\"target\":{\"@type\":\"EntryPoint\",\"urlTemplate\":\"https:\\\/\\\/newleafinvestigationplus.ca\\\/fr\\\/?s={search_term_string}\"},\"query-input\":{\"@type\":\"PropertyValueSpecification\",\"valueRequired\":true,\"valueName\":\"search_term_string\"}}],\"inLanguage\":\"fr-FR\"},{\"@type\":\"Organization\",\"@id\":\"https:\\\/\\\/newleafinvestigationplus.ca\\\/fr\\\/#organization\",\"name\":\"NewLeaf Investigation+\",\"url\":\"https:\\\/\\\/newleafinvestigationplus.ca\\\/fr\\\/\",\"logo\":{\"@type\":\"ImageObject\",\"inLanguage\":\"fr-FR\",\"@id\":\"https:\\\/\\\/newleafinvestigationplus.ca\\\/fr\\\/#\\\/schema\\\/logo\\\/image\\\/\",\"url\":\"https:\\\/\\\/newleafinvestigationplus.ca\\\/wp-content\\\/uploads\\\/sites\\\/2\\\/2024\\\/03\\\/nli_logo2022_rgb_hori.svg\",\"contentUrl\":\"https:\\\/\\\/newleafinvestigationplus.ca\\\/wp-content\\\/uploads\\\/sites\\\/2\\\/2024\\\/03\\\/nli_logo2022_rgb_hori.svg\",\"width\":391,\"height\":112,\"caption\":\"NewLeaf Investigation+\"},\"image\":{\"@id\":\"https:\\\/\\\/newleafinvestigationplus.ca\\\/fr\\\/#\\\/schema\\\/logo\\\/image\\\/\"}}]}<\/script>\n<!-- \/ Yoast SEO plugin. -->","yoast_head_json":{"title":"L\u00e9gal - NewLeaf Investigation+","robots":{"index":"index","follow":"follow","max-snippet":"max-snippet:-1","max-image-preview":"max-image-preview:large","max-video-preview":"max-video-preview:-1"},"canonical":"https:\/\/newleafinvestigationplus.ca\/fr\/legal\/","og_locale":"fr_FR","og_type":"article","og_title":"L\u00e9gal - NewLeaf Investigation+","og_description":"Veuillez lire cette clause de non-responsabilit\u00e9 dans son int\u00e9gralit\u00e9 avant d&rsquo;utiliser notre site Web. Aux fins de cette clause de non-responsabilit\u00e9, NewLeaf Performance sera appel\u00e9e \u00ab La SOCI\u00c9T\u00c9 \u00bb. Exclusion [&hellip;]","og_url":"https:\/\/newleafinvestigationplus.ca\/fr\/legal\/","og_site_name":"NewLeaf Investigation+","article_modified_time":"2024-03-15T13:50:44+00:00","og_image":[{"url":"https:\/\/newleafperformance.ca\/wp-content\/uploads\/2022\/12\/legal-hero-1024x680.jpg","type":"","width":"","height":""}],"twitter_card":"summary_large_image","twitter_misc":{"Dur\u00e9e de lecture estim\u00e9e":"4 minutes"},"schema":{"@context":"https:\/\/schema.org","@graph":[{"@type":"WebPage","@id":"https:\/\/newleafinvestigationplus.ca\/fr\/legal\/","url":"https:\/\/newleafinvestigationplus.ca\/fr\/legal\/","name":"L\u00e9gal - NewLeaf Investigation+","isPartOf":{"@id":"https:\/\/newleafinvestigationplus.ca\/fr\/#website"},"primaryImageOfPage":{"@id":"https:\/\/newleafinvestigationplus.ca\/fr\/legal\/#primaryimage"},"image":{"@id":"https:\/\/newleafinvestigationplus.ca\/fr\/legal\/#primaryimage"},"thumbnailUrl":"https:\/\/newleafperformance.ca\/wp-content\/uploads\/2022\/12\/legal-hero-1024x680.jpg","datePublished":"2024-03-14T22:09:10+00:00","dateModified":"2024-03-15T13:50:44+00:00","breadcrumb":{"@id":"https:\/\/newleafinvestigationplus.ca\/fr\/legal\/#breadcrumb"},"inLanguage":"fr-FR","potentialAction":[{"@type":"ReadAction","target":["https:\/\/newleafinvestigationplus.ca\/fr\/legal\/"]}]},{"@type":"ImageObject","inLanguage":"fr-FR","@id":"https:\/\/newleafinvestigationplus.ca\/fr\/legal\/#primaryimage","url":"https:\/\/newleafperformance.ca\/wp-content\/uploads\/2022\/12\/legal-hero-1024x680.jpg","contentUrl":"https:\/\/newleafperformance.ca\/wp-content\/uploads\/2022\/12\/legal-hero-1024x680.jpg"},{"@type":"BreadcrumbList","@id":"https:\/\/newleafinvestigationplus.ca\/fr\/legal\/#breadcrumb","itemListElement":[{"@type":"ListItem","position":1,"name":"Home","item":"https:\/\/newleafinvestigationplus.ca\/fr\/"},{"@type":"ListItem","position":2,"name":"L\u00e9gal"}]},{"@type":"WebSite","@id":"https:\/\/newleafinvestigationplus.ca\/fr\/#website","url":"https:\/\/newleafinvestigationplus.ca\/fr\/","name":"NewLeaf Investigation+","description":"","publisher":{"@id":"https:\/\/newleafinvestigationplus.ca\/fr\/#organization"},"potentialAction":[{"@type":"SearchAction","target":{"@type":"EntryPoint","urlTemplate":"https:\/\/newleafinvestigationplus.ca\/fr\/?s={search_term_string}"},"query-input":{"@type":"PropertyValueSpecification","valueRequired":true,"valueName":"search_term_string"}}],"inLanguage":"fr-FR"},{"@type":"Organization","@id":"https:\/\/newleafinvestigationplus.ca\/fr\/#organization","name":"NewLeaf Investigation+","url":"https:\/\/newleafinvestigationplus.ca\/fr\/","logo":{"@type":"ImageObject","inLanguage":"fr-FR","@id":"https:\/\/newleafinvestigationplus.ca\/fr\/#\/schema\/logo\/image\/","url":"https:\/\/newleafinvestigationplus.ca\/wp-content\/uploads\/sites\/2\/2024\/03\/nli_logo2022_rgb_hori.svg","contentUrl":"https:\/\/newleafinvestigationplus.ca\/wp-content\/uploads\/sites\/2\/2024\/03\/nli_logo2022_rgb_hori.svg","width":391,"height":112,"caption":"NewLeaf Investigation+"},"image":{"@id":"https:\/\/newleafinvestigationplus.ca\/fr\/#\/schema\/logo\/image\/"}}]}},"_links":{"self":[{"href":"https:\/\/newleafinvestigationplus.ca\/fr\/wp-json\/wp\/v2\/pages\/24","targetHints":{"allow":["GET"]}}],"collection":[{"href":"https:\/\/newleafinvestigationplus.ca\/fr\/wp-json\/wp\/v2\/pages"}],"about":[{"href":"https:\/\/newleafinvestigationplus.ca\/fr\/wp-json\/wp\/v2\/types\/page"}],"author":[{"embeddable":true,"href":"https:\/\/newleafinvestigationplus.ca\/fr\/wp-json\/wp\/v2\/users\/1"}],"replies":[{"embeddable":true,"href":"https:\/\/newleafinvestigationplus.ca\/fr\/wp-json\/wp\/v2\/comments?post=24"}],"version-history":[{"count":0,"href":"https:\/\/newleafinvestigationplus.ca\/fr\/wp-json\/wp\/v2\/pages\/24\/revisions"}],"wp:attachment":[{"href":"https:\/\/newleafinvestigationplus.ca\/fr\/wp-json\/wp\/v2\/media?parent=24"}],"curies":[{"name":"wp","href":"https:\/\/api.w.org\/{rel}","templated":true}]}}